{"id":995,"date":"2018-12-11T17:30:18","date_gmt":"2018-12-11T15:30:18","guid":{"rendered":"https:\/\/www.sailos.com\/the-villas\/"},"modified":"2022-09-06T08:55:56","modified_gmt":"2022-09-06T05:55:56","slug":"the-villas","status":"publish","type":"page","link":"https:\/\/www.sailos.com\/en\/the-villas\/","title":{"rendered":"Rental villas"},"content":{"rendered":"<p>[et_pb_section fb_built=&#8221;1&#8243; fullwidth=&#8221;on&#8221; _builder_version=&#8221;4.16&#8243; global_colors_info=&#8221;{}&#8221;][et_pb_fullwidth_slider _builder_version=&#8221;4.18.0&#8243; body_font=&#8221;||||||||&#8221; hover_enabled=&#8221;0&#8243; global_colors_info=&#8221;{}&#8221; sticky_enabled=&#8221;0&#8243;][et_pb_slide heading=&#8221;Villas on the shore of Lake P\u00e4ij\u00e4nne&#8221; use_bg_overlay=&#8221;off&#8221; use_text_overlay=&#8221;on&#8221; text_overlay_color=&#8221;rgba(255,255,255,0.38)&#8221; text_border_radius=&#8221;5px&#8221; _builder_version=&#8221;4.18.0&#8243; header_font=&#8221;|700|||||||&#8221; header_text_color=&#8221;#ffffff&#8221; body_font=&#8221;|600|||||||&#8221; body_text_color=&#8221;#000000&#8243; body_font_size=&#8221;24px&#8221; background_color=&#8221;#ffffff&#8221; background_image=&#8221;https:\/\/www.sailos.com\/wp-content\/uploads\/banneri-nenaniemi-lomahuvila2022.jpg&#8221; background_enable_image=&#8221;on&#8221; text_orientation=&#8221;center&#8221; hover_enabled=&#8221;0&#8243; header_font_size_tablet=&#8221;&#8221; header_font_size_phone=&#8221;&#8221; header_font_size_last_edited=&#8221;on|phone&#8221; body_font_size_tablet=&#8221;&#8221; body_font_size_phone=&#8221;18px&#8221; body_font_size_last_edited=&#8221;on|tablet&#8221; body_text_shadow_style=&#8221;preset3&#8243; body_text_shadow_color=&#8221;#ffffff&#8221; global_colors_info=&#8221;{}&#8221; sticky_transition=&#8221;on&#8221; alt=&#8221;nen\u00e4niemi lomahuvila&#8221; title_text=&#8221;banneri-nen\u00e4niemi-lomahuvila2022&#8243; sticky_enabled=&#8221;0&#8243;]<\/p>\n<p>Well-equipped luxury villas on P\u00e4ij\u00e4nne shore.<\/p>\n<p>Here it is good to spend a family holiday or adults only.<\/p>\n<p>[\/et_pb_slide][\/et_pb_fullwidth_slider][\/et_pb_section][et_pb_section fb_built=&#8221;1&#8243; _builder_version=&#8221;4.16&#8243; background_image=&#8221;https:\/\/www.sailos.com\/wp-content\/uploads\/koivu-300-2.jpg&#8221; background_size=&#8221;initial&#8221; background_position=&#8221;top_left&#8221; global_colors_info=&#8221;{}&#8221;][et_pb_row _builder_version=&#8221;4.16&#8243; global_colors_info=&#8221;{}&#8221;][et_pb_column type=&#8221;4_4&#8243; _builder_version=&#8221;4.16&#8243; custom_padding=&#8221;|||&#8221; global_colors_info=&#8221;{}&#8221; custom_padding__hover=&#8221;|||&#8221;][et_pb_text _builder_version=&#8221;4.16&#8243; global_colors_info=&#8221;{}&#8221;]<\/p>\n<h1>Rental villas on the shore of Lake P\u00e4ij\u00e4nne!<\/h1>\n<p>Our villas are build in 1998, 2001, 2009 and the latest Lehmiranta in 2012. They are well-equipped luxury villas, located right on the shore of Lake P\u00e4ij\u00e4nne, on the tip of the peninsula, in the middle of a birch forest. Click on the images and check out the destinations.<\/p>\n<hr \/>\n<p>[\/et_pb_text][mphb-divi-availability-search form_style=&#8221;horizontal-center&#8221; _builder_version=&#8221;4.16&#8243; module_font=&#8221;||||||||&#8221; background_color=&#8221;#f9f9f9&#8243; custom_padding=&#8221;6px|||59px&#8221; animation_style=&#8221;fade&#8221; global_colors_info=&#8221;{}&#8221;][\/mphb-divi-availability-search][\/et_pb_column][\/et_pb_row][et_pb_row column_structure=&#8221;1_2,1_2&#8243; _builder_version=&#8221;4.16&#8243; background_color=&#8221;#f9f9f9&#8243; background_size=&#8221;initial&#8221; background_position=&#8221;top_left&#8221; background_repeat=&#8221;repeat&#8221; custom_padding=&#8221;20px|20px|20px|20px|true|true&#8221; global_colors_info=&#8221;{}&#8221;][et_pb_column type=&#8221;1_2&#8243; _builder_version=&#8221;4.16&#8243; custom_padding=&#8221;|||&#8221; global_colors_info=&#8221;{}&#8221; custom_padding__hover=&#8221;|||&#8221;][mphb-divi-accommodations ids=&#8221;54&#8243; _builder_version=&#8221;4.16&#8243; global_colors_info=&#8221;{}&#8221;][\/mphb-divi-accommodations][\/et_pb_column][et_pb_column type=&#8221;1_2&#8243; _builder_version=&#8221;4.16&#8243; custom_padding=&#8221;|||&#8221; global_colors_info=&#8221;{}&#8221; custom_padding__hover=&#8221;|||&#8221;][mphb-divi-accommodations gallery=&#8221;off&#8221; ids=&#8221;590&#8243; _builder_version=&#8221;4.16&#8243; global_colors_info=&#8221;{}&#8221;][\/mphb-divi-accommodations][\/et_pb_column][\/et_pb_row][et_pb_row column_structure=&#8221;1_2,1_2&#8243; _builder_version=&#8221;4.16&#8243; background_size=&#8221;initial&#8221; background_position=&#8221;top_left&#8221; background_repeat=&#8221;repeat&#8221; global_colors_info=&#8221;{}&#8221;][et_pb_column type=&#8221;1_2&#8243; _builder_version=&#8221;4.16&#8243; custom_padding=&#8221;|||&#8221; global_colors_info=&#8221;{}&#8221; custom_padding__hover=&#8221;|||&#8221;][mphb-divi-accommodations gallery=&#8221;off&#8221; ids=&#8221;613&#8243; _builder_version=&#8221;4.16&#8243; global_colors_info=&#8221;{}&#8221;][\/mphb-divi-accommodations][\/et_pb_column][et_pb_column type=&#8221;1_2&#8243; _builder_version=&#8221;4.16&#8243; custom_padding=&#8221;|||&#8221; global_colors_info=&#8221;{}&#8221; custom_padding__hover=&#8221;|||&#8221;][mphb-divi-accommodations gallery=&#8221;off&#8221; ids=&#8221;655&#8243; _builder_version=&#8221;4.16&#8243; global_colors_info=&#8221;{}&#8221;][\/mphb-divi-accommodations][\/et_pb_column][\/et_pb_row][\/et_pb_section]<\/p>\n","protected":false},"excerpt":{"rendered":"<p>Well-equipped luxury villas on P\u00e4ij\u00e4nne shore. Here it is good to spend a family holiday or adults only.Rental villas on the shore of Lake P\u00e4ij\u00e4nne! Our villas are build in 1998, 2001, 2009 and the latest Lehmiranta in 2012. They are well-equipped luxury villas, located right on the shore of Lake P\u00e4ij\u00e4nne, on the tip [&hellip;]<\/p>\n","protected":false},"author":1,"featured_media":0,"parent":0,"menu_order":0,"comment_status":"closed","ping_status":"closed","template":"","meta":{"_et_pb_use_builder":"on","_et_pb_old_content":"","_et_gb_content_width":"","footnotes":""},"class_list":["post-995","page","type-page","status-publish","hentry"],"yoast_head":"<!-- This site is optimized with the Yoast SEO plugin v27.3 - https:\/\/yoast.com\/product\/yoast-seo-wordpress\/ -->\n<title>Rental villas on the shore of Lake P\u00e4ij\u00e4nne | Book online<\/title>\n<meta name=\"description\" content=\"They are well-equipped luxury villas, located right on the shore of Lake P\u00e4ij\u00e4nne, on the tip of the peninsula, in the middle of a birch forest.\" \/>\n<meta name=\"robots\" content=\"index, follow, max-snippet:-1, max-image-preview:large, max-video-preview:-1\" \/>\n<link rel=\"canonical\" href=\"https:\/\/www.sailos.com\/en\/the-villas\/\" \/>\n<meta property=\"og:locale\" content=\"en_US\" \/>\n<meta property=\"og:type\" content=\"article\" \/>\n<meta property=\"og:title\" content=\"Rental villas on the shore of Lake P\u00e4ij\u00e4nne | Book online\" \/>\n<meta property=\"og:description\" content=\"They are well-equipped luxury villas, located right on the shore of Lake P\u00e4ij\u00e4nne, on the tip of the peninsula, in the middle of a birch forest.\" \/>\n<meta property=\"og:url\" content=\"https:\/\/www.sailos.com\/en\/the-villas\/\" \/>\n<meta property=\"og:site_name\" content=\"S\u00e4il\u00f6ksen lomahuvilat P\u00e4ij\u00e4nne\" \/>\n<meta property=\"article:publisher\" content=\"https:\/\/www.facebook.com\/sailoksenlomahuvilat\/\" \/>\n<meta property=\"article:modified_time\" content=\"2022-09-06T05:55:56+00:00\" \/>\n<meta name=\"twitter:card\" content=\"summary_large_image\" \/>\n<meta name=\"twitter:label1\" content=\"Est. reading time\" \/>\n\t<meta name=\"twitter:data1\" content=\"2 minutes\" \/>\n<script type=\"application\/ld+json\" class=\"yoast-schema-graph\">{\"@context\":\"https:\\\/\\\/schema.org\",\"@graph\":[{\"@type\":\"WebPage\",\"@id\":\"https:\\\/\\\/www.sailos.com\\\/en\\\/the-villas\\\/\",\"url\":\"https:\\\/\\\/www.sailos.com\\\/en\\\/the-villas\\\/\",\"name\":\"Rental villas on the shore of Lake P\u00e4ij\u00e4nne | Book online\",\"isPartOf\":{\"@id\":\"https:\\\/\\\/www.sailos.com\\\/en\\\/#website\"},\"datePublished\":\"2018-12-11T15:30:18+00:00\",\"dateModified\":\"2022-09-06T05:55:56+00:00\",\"description\":\"They are well-equipped luxury villas, located right on the shore of Lake P\u00e4ij\u00e4nne, on the tip of the peninsula, in the middle of a birch forest.\",\"breadcrumb\":{\"@id\":\"https:\\\/\\\/www.sailos.com\\\/en\\\/the-villas\\\/#breadcrumb\"},\"inLanguage\":\"en-US\",\"potentialAction\":[{\"@type\":\"ReadAction\",\"target\":[\"https:\\\/\\\/www.sailos.com\\\/en\\\/the-villas\\\/\"]}]},{\"@type\":\"BreadcrumbList\",\"@id\":\"https:\\\/\\\/www.sailos.com\\\/en\\\/the-villas\\\/#breadcrumb\",\"itemListElement\":[{\"@type\":\"ListItem\",\"position\":1,\"name\":\"Home\",\"item\":\"https:\\\/\\\/www.sailos.com\\\/en\\\/\"},{\"@type\":\"ListItem\",\"position\":2,\"name\":\"Rental villas\"}]},{\"@type\":\"WebSite\",\"@id\":\"https:\\\/\\\/www.sailos.com\\\/en\\\/#website\",\"url\":\"https:\\\/\\\/www.sailos.com\\\/en\\\/\",\"name\":\"S\u00e4il\u00f6ksen lomahuvilat P\u00e4ij\u00e4nne\",\"description\":\"P\u00e4ij\u00e4nteen helmi\",\"publisher\":{\"@id\":\"https:\\\/\\\/www.sailos.com\\\/en\\\/#organization\"},\"potentialAction\":[{\"@type\":\"SearchAction\",\"target\":{\"@type\":\"EntryPoint\",\"urlTemplate\":\"https:\\\/\\\/www.sailos.com\\\/en\\\/?s={search_term_string}\"},\"query-input\":{\"@type\":\"PropertyValueSpecification\",\"valueRequired\":true,\"valueName\":\"search_term_string\"}}],\"inLanguage\":\"en-US\"},{\"@type\":\"Organization\",\"@id\":\"https:\\\/\\\/www.sailos.com\\\/en\\\/#organization\",\"name\":\"S\u00e4il\u00f6ksen Lomahuvilat\",\"url\":\"https:\\\/\\\/www.sailos.com\\\/en\\\/\",\"logo\":{\"@type\":\"ImageObject\",\"inLanguage\":\"en-US\",\"@id\":\"https:\\\/\\\/www.sailos.com\\\/en\\\/#\\\/schema\\\/logo\\\/image\\\/\",\"url\":\"https:\\\/\\\/www.sailos.com\\\/wp-content\\\/uploads\\\/logo-sailos-lehtivihr.jpg\",\"contentUrl\":\"https:\\\/\\\/www.sailos.com\\\/wp-content\\\/uploads\\\/logo-sailos-lehtivihr.jpg\",\"width\":363,\"height\":159,\"caption\":\"S\u00e4il\u00f6ksen Lomahuvilat\"},\"image\":{\"@id\":\"https:\\\/\\\/www.sailos.com\\\/en\\\/#\\\/schema\\\/logo\\\/image\\\/\"},\"sameAs\":[\"https:\\\/\\\/www.facebook.com\\\/sailoksenlomahuvilat\\\/\"]}]}<\/script>\n<!-- \/ Yoast SEO plugin. -->","yoast_head_json":{"title":"Rental villas on the shore of Lake P\u00e4ij\u00e4nne | Book online","description":"They are well-equipped luxury villas, located right on the shore of Lake P\u00e4ij\u00e4nne, on the tip of the peninsula, in the middle of a birch forest.","robots":{"index":"index","follow":"follow","max-snippet":"max-snippet:-1","max-image-preview":"max-image-preview:large","max-video-preview":"max-video-preview:-1"},"canonical":"https:\/\/www.sailos.com\/en\/the-villas\/","og_locale":"en_US","og_type":"article","og_title":"Rental villas on the shore of Lake P\u00e4ij\u00e4nne | Book online","og_description":"They are well-equipped luxury villas, located right on the shore of Lake P\u00e4ij\u00e4nne, on the tip of the peninsula, in the middle of a birch forest.","og_url":"https:\/\/www.sailos.com\/en\/the-villas\/","og_site_name":"S\u00e4il\u00f6ksen lomahuvilat P\u00e4ij\u00e4nne","article_publisher":"https:\/\/www.facebook.com\/sailoksenlomahuvilat\/","article_modified_time":"2022-09-06T05:55:56+00:00","twitter_card":"summary_large_image","twitter_misc":{"Est. reading time":"2 minutes"},"schema":{"@context":"https:\/\/schema.org","@graph":[{"@type":"WebPage","@id":"https:\/\/www.sailos.com\/en\/the-villas\/","url":"https:\/\/www.sailos.com\/en\/the-villas\/","name":"Rental villas on the shore of Lake P\u00e4ij\u00e4nne | Book online","isPartOf":{"@id":"https:\/\/www.sailos.com\/en\/#website"},"datePublished":"2018-12-11T15:30:18+00:00","dateModified":"2022-09-06T05:55:56+00:00","description":"They are well-equipped luxury villas, located right on the shore of Lake P\u00e4ij\u00e4nne, on the tip of the peninsula, in the middle of a birch forest.","breadcrumb":{"@id":"https:\/\/www.sailos.com\/en\/the-villas\/#breadcrumb"},"inLanguage":"en-US","potentialAction":[{"@type":"ReadAction","target":["https:\/\/www.sailos.com\/en\/the-villas\/"]}]},{"@type":"BreadcrumbList","@id":"https:\/\/www.sailos.com\/en\/the-villas\/#breadcrumb","itemListElement":[{"@type":"ListItem","position":1,"name":"Home","item":"https:\/\/www.sailos.com\/en\/"},{"@type":"ListItem","position":2,"name":"Rental villas"}]},{"@type":"WebSite","@id":"https:\/\/www.sailos.com\/en\/#website","url":"https:\/\/www.sailos.com\/en\/","name":"S\u00e4il\u00f6ksen lomahuvilat P\u00e4ij\u00e4nne","description":"P\u00e4ij\u00e4nteen helmi","publisher":{"@id":"https:\/\/www.sailos.com\/en\/#organization"},"potentialAction":[{"@type":"SearchAction","target":{"@type":"EntryPoint","urlTemplate":"https:\/\/www.sailos.com\/en\/?s={search_term_string}"},"query-input":{"@type":"PropertyValueSpecification","valueRequired":true,"valueName":"search_term_string"}}],"inLanguage":"en-US"},{"@type":"Organization","@id":"https:\/\/www.sailos.com\/en\/#organization","name":"S\u00e4il\u00f6ksen Lomahuvilat","url":"https:\/\/www.sailos.com\/en\/","logo":{"@type":"ImageObject","inLanguage":"en-US","@id":"https:\/\/www.sailos.com\/en\/#\/schema\/logo\/image\/","url":"https:\/\/www.sailos.com\/wp-content\/uploads\/logo-sailos-lehtivihr.jpg","contentUrl":"https:\/\/www.sailos.com\/wp-content\/uploads\/logo-sailos-lehtivihr.jpg","width":363,"height":159,"caption":"S\u00e4il\u00f6ksen Lomahuvilat"},"image":{"@id":"https:\/\/www.sailos.com\/en\/#\/schema\/logo\/image\/"},"sameAs":["https:\/\/www.facebook.com\/sailoksenlomahuvilat\/"]}]}},"_links":{"self":[{"href":"https:\/\/www.sailos.com\/en\/wp-json\/wp\/v2\/pages\/995","targetHints":{"allow":["GET"]}}],"collection":[{"href":"https:\/\/www.sailos.com\/en\/wp-json\/wp\/v2\/pages"}],"about":[{"href":"https:\/\/www.sailos.com\/en\/wp-json\/wp\/v2\/types\/page"}],"author":[{"embeddable":true,"href":"https:\/\/www.sailos.com\/en\/wp-json\/wp\/v2\/users\/1"}],"replies":[{"embeddable":true,"href":"https:\/\/www.sailos.com\/en\/wp-json\/wp\/v2\/comments?post=995"}],"version-history":[{"count":6,"href":"https:\/\/www.sailos.com\/en\/wp-json\/wp\/v2\/pages\/995\/revisions"}],"predecessor-version":[{"id":1389632,"href":"https:\/\/www.sailos.com\/en\/wp-json\/wp\/v2\/pages\/995\/revisions\/1389632"}],"wp:attachment":[{"href":"https:\/\/www.sailos.com\/en\/wp-json\/wp\/v2\/media?parent=995"}],"curies":[{"name":"wp","href":"https:\/\/api.w.org\/{rel}","templated":true}]}}