{"id":981,"date":"2018-12-11T17:09:11","date_gmt":"2018-12-11T15:09:11","guid":{"rendered":"https:\/\/www.sailos.com\/front-page\/"},"modified":"2022-09-05T20:37:30","modified_gmt":"2022-09-05T17:37:30","slug":"front-page","status":"publish","type":"page","link":"https:\/\/www.sailos.com\/en\/","title":{"rendered":"Front page"},"content":{"rendered":"<p>[et_pb_section fb_built=&#8221;1&#8243; fullwidth=&#8221;on&#8221; _builder_version=&#8221;4.16&#8243; global_colors_info=&#8221;{}&#8221;][et_pb_fullwidth_slider _builder_version=&#8221;4.18.0&#8243; header_font=&#8221;||||||||&#8221; body_font=&#8221;|300|||||||&#8221; hover_enabled=&#8221;0&#8243; global_colors_info=&#8221;{}&#8221; sticky_enabled=&#8221;0&#8243;][et_pb_slide heading=&#8221;S\u00e4il\u00f6ksen Lomahuvilat&#8221; use_bg_overlay=&#8221;off&#8221; use_text_overlay=&#8221;off&#8221; _builder_version=&#8221;4.18.0&#8243; header_level=&#8221;h2&#8243; header_font=&#8221;|700|||||||&#8221; header_text_color=&#8221;#ffffff&#8221; body_font=&#8221;|600|||||||&#8221; body_text_color=&#8221;#ffffff&#8221; body_font_size=&#8221;21px&#8221; background_image=&#8221;https:\/\/www.sailos.com\/wp-content\/uploads\/banneri-huvila-keski-suomi-2022.jpg&#8221; background_enable_image=&#8221;on&#8221; text_orientation=&#8221;center&#8221; hover_transition_duration=&#8221;850ms&#8221; hover_transition_delay=&#8221;300ms&#8221; hover_transition_speed_curve=&#8221;ease-in&#8221; hover_enabled=&#8221;0&#8243; header_font_size_tablet=&#8221;30px&#8221; header_font_size_phone=&#8221;30px&#8221; header_font_size_last_edited=&#8221;on|tablet&#8221; body_font_size_tablet=&#8221;&#8221; body_font_size_phone=&#8221;18px&#8221; body_font_size_last_edited=&#8221;on|phone&#8221; body_text_shadow_style=&#8221;preset3&#8243; body_text_shadow_color=&#8221;#000000&#8243; global_colors_info=&#8221;{}&#8221; sticky_transition=&#8221;on&#8221; background_enable_color=&#8221;off&#8221; alt=&#8221;huvila-keski-suomi&#8221; title_text=&#8221;banneri-huvila-keski-suomi-2022&#8243; sticky_enabled=&#8221;0&#8243;]<\/p>\n<p>Clean waters, clean air &#8211; this is how holidays should feel!<\/p>\n<p>[\/et_pb_slide][\/et_pb_fullwidth_slider][\/et_pb_section][et_pb_section fb_built=&#8221;1&#8243; disabled_on=&#8221;off|off|off&#8221; _builder_version=&#8221;4.16&#8243; background_image=&#8221;https:\/\/www.sailos.com\/wp-content\/uploads\/koivu-300-2oik.jpg&#8221; background_size=&#8221;initial&#8221; background_position=&#8221;top_right&#8221; custom_padding=&#8221;7px|0px|54px|0px|false|false&#8221; global_colors_info=&#8221;{}&#8221;][et_pb_row _builder_version=&#8221;4.16&#8243; background_size=&#8221;initial&#8221; background_position=&#8221;top_left&#8221; background_repeat=&#8221;repeat&#8221; global_colors_info=&#8221;{}&#8221;][et_pb_column type=&#8221;4_4&#8243; _builder_version=&#8221;4.16&#8243; custom_padding=&#8221;|||&#8221; global_colors_info=&#8221;{}&#8221; custom_padding__hover=&#8221;|||&#8221;][et_pb_text _builder_version=&#8221;4.16&#8243; background_size=&#8221;initial&#8221; background_position=&#8221;top_left&#8221; background_repeat=&#8221;repeat&#8221; global_colors_info=&#8221;{}&#8221;]<\/p>\n<div id=\"pl-16\" class=\"panel-layout\">\n<div id=\"pg-16-0\" class=\"panel-grid panel-has-style\" data-style=\"{&quot;background_image_attachment&quot;:false,&quot;background_display&quot;:&quot;tile&quot;,&quot;row_stretch&quot;:&quot;full-stretched&quot;,&quot;cell_alignment&quot;:&quot;center&quot;}\" data-ratio=\"1\" data-ratio-direction=\"right\">\n<div class=\"siteorigin-panels-stretch panel-row-style panel-row-style-for-16-0\" data-stretch-type=\"full-stretched\">\n<div id=\"pgc-16-0-0\" class=\"panel-grid-cell\" data-weight=\"1\">\u00a0<\/div>\n<\/div>\n<\/div>\n<div id=\"pg-16-1\" class=\"panel-grid panel-no-style\" data-style=\"{&quot;background_image_attachment&quot;:false,&quot;background_display&quot;:&quot;tile&quot;,&quot;cell_alignment&quot;:&quot;flex-start&quot;}\" data-ratio=\"0.33333333\" data-ratio-direction=\"right\">\n<div id=\"pgc-16-1-0\" class=\"panel-grid-cell\" data-weight=\"0.750000001875\">\n<div id=\"panel-16-1-0-0\" class=\"so-panel widget widget_sow-editor panel-first-child panel-last-child\" data-index=\"1\">\n<div class=\"so-widget-sow-editor so-widget-sow-editor-base\">\n<div class=\"siteorigin-widget-tinymce textwidget\">\n<h1>Cottage rental company<\/h1>\n<p>We have been producing quality and reliable accommodation since 1998. We take care of each of our customers. You can rest assured that our cottages will be neat upon your arrival, so that you can immediately start your relaxing holiday.<\/p>\n<p>&nbsp;<\/p>\n<\/div>\n<\/div>\n<\/div>\n<\/div>\n<\/div>\n<\/div>\n<p>[\/et_pb_text][mphb-divi-availability-search form_style=&#8221;horizontal-center&#8221; _builder_version=&#8221;4.16&#8243; module_font=&#8221;||||||||&#8221; background_color=&#8221;#f9f9f9&#8243; custom_padding=&#8221;6px|||59px&#8221; animation_style=&#8221;fade&#8221; global_colors_info=&#8221;{}&#8221;][\/mphb-divi-availability-search][\/et_pb_column][\/et_pb_row][et_pb_row column_structure=&#8221;1_2,1_2&#8243; _builder_version=&#8221;4.16&#8243; background_size=&#8221;initial&#8221; background_position=&#8221;top_left&#8221; background_repeat=&#8221;repeat&#8221; global_colors_info=&#8221;{}&#8221;][et_pb_column type=&#8221;1_2&#8243; _builder_version=&#8221;4.16&#8243; custom_padding=&#8221;|||&#8221; global_colors_info=&#8221;{}&#8221; custom_padding__hover=&#8221;|||&#8221;][et_pb_text _builder_version=&#8221;4.16&#8243; background_size=&#8221;initial&#8221; background_position=&#8221;top_left&#8221; background_repeat=&#8221;repeat&#8221; link_option_url=&#8221;\/en\/the-villas\/&#8221; global_colors_info=&#8221;{}&#8221;]<\/p>\n<h3>The Villas<\/h3>\n<p>&nbsp;<br \/>\n<img loading=\"lazy\" decoding=\"async\" src=\"https:\/\/www.sailos.com\/wp-content\/uploads\/huvila-p%C3%A4ij%C3%A4nne-nen%C3%A4niemi.jpg\" width=\"980\" height=\"400\" alt=\"villa-p\u00e4ij\u00e4nne-nen\u00e4niemi\" class=\"wp-image-982 aligncenter size-full\" \/><\/p>\n<p><strong>The villas are well-equipped, located right on the shore of Lake P\u00e4ij\u00e4nne at the tip of the peninsula, in the middle of a birch forest and on top of a pine hill.<\/strong> The place is lush and the shore is near you. Our villas are located south-east of central Finland, on the east side of lake P\u00e4ij\u00e4nne in the municipality of Luhanka.<\/p>\n<p>Both Korvaniemi villas have a number of different buildings in their yard, such as granaries, woodsheds, lakeside sauna (Korvaniemi 1), barbecue canopy, dining canopy and children&#8217;s swings.<\/p>\n<blockquote><p>Inspired by the ear form of the cape and the large yards, we named the peninsula as a the village of Korvaniemi (Cape Ear). The village atmosphere is enhanced by the &#8220;beach boulevard&#8221;, which closely follows the P\u00e4ij\u00e4nne shoreline and combines the Korvaniemi cottages with each other.<\/p><\/blockquote>\n<p>Thanks to the functionality of the yard and the smooth terrain, especially families with children, wedding couples and people with reduced mobility love the place.<\/p>\n<p><strong>Quality holidays in beautiful Lake Finland. Peace in the wild and genuine countryside.<\/strong>[\/et_pb_text][\/et_pb_column][et_pb_column type=&#8221;1_2&#8243; _builder_version=&#8221;4.16&#8243; custom_padding=&#8221;|||&#8221; global_colors_info=&#8221;{}&#8221; custom_padding__hover=&#8221;|||&#8221;][et_pb_text _builder_version=&#8221;4.16&#8243; background_size=&#8221;initial&#8221; background_position=&#8221;top_left&#8221; background_repeat=&#8221;repeat&#8221; global_colors_info=&#8221;{}&#8221;]<\/p>\n<h3>Enjoy the beauty of P\u00e4ij\u00e4nne in your own yard!<\/h3>\n<p><img loading=\"lazy\" decoding=\"async\" src=\"https:\/\/www.sailos.com\/wp-content\/uploads\/teemakuva-p%C3%A4ij%C3%A4nne-lomam%C3%B6kki.jpg\" width=\"980\" height=\"400\" alt=\"p\u00e4ij\u00e4nne cottages\" class=\"wp-image-984 aligncenter size-full\" \/><\/p>\n<p>The broad leaf tree and pine courtyards of Korvaniemi and Nen\u00e4niemi villages are exceptional.<\/p>\n<p><strong>All plots have a woodshed, a storage room and spacious barbecue grill canopies. Korvaniemi also has granaries.<\/strong><\/p>\n<p>The top form of the plots is flat, making them safe to play for both big and small children.<\/p>\n<p>It is easy to take a walk from Nen\u00e4niemi by the nature trail to Korvaniemi and further twist the 2 km long rural summer landscape back to Nen\u00e4nimi. You can push the baby carriage along the sandy road and admire lake P\u00e4ij\u00e4nne dawn and sunset or listen to the sounds of summer nights!<\/p>\n<p>[\/et_pb_text][\/et_pb_column][\/et_pb_row][\/et_pb_section][et_pb_section fb_built=&#8221;1&#8243; fullwidth=&#8221;on&#8221; _builder_version=&#8221;4.16&#8243; saved_tabs=&#8221;all&#8221; global_colors_info=&#8221;{}&#8221;][et_pb_fullwidth_slider _builder_version=&#8221;4.16&#8243; header_font=&#8221;||||||||&#8221; body_font=&#8221;||||||||&#8221; animation_style=&#8221;fade&#8221; auto=&#8221;on&#8221; auto_ignore_hover=&#8221;on&#8221; global_colors_info=&#8221;{}&#8221;][et_pb_slide heading=&#8221;Walk the nature trail&#8221; button_text=&#8221;Harrastuksiin&#8221; button_link=&#8221;\/palvelut-ja-aktiviteetit&#8221; use_bg_overlay=&#8221;off&#8221; use_text_overlay=&#8221;on&#8221; text_overlay_color=&#8221;rgba(255,255,255,0.28)&#8221; _builder_version=&#8221;4.16&#8243; header_font=&#8221;|700|||||||&#8221; body_font=&#8221;|700|||||||&#8221; body_text_color=&#8221;#000000&#8243; background_image=&#8221;https:\/\/www.sailos.com\/wp-content\/uploads\/harrastukset-k\u00e4vely-hiking.jpg&#8221; body_text_shadow_style=&#8221;preset3&#8243; body_text_shadow_color=&#8221;#ffffff&#8221; global_colors_info=&#8221;{}&#8221; sticky_transition=&#8221;on&#8221;]<\/p>\n<p>It is easy to take a walk from Nen\u00e4niemi by the nature trail to Korvaniemi and further twist the 2 km long rural summer landscape back to Nen\u00e4nimi.<\/p>\n<p>[\/et_pb_slide][et_pb_slide heading=&#8221;Be active&#8221; button_text=&#8221;The activities&#8221; button_link=&#8221;\/palvelut-ja-aktiviteetit&#8221; use_bg_overlay=&#8221;off&#8221; use_text_overlay=&#8221;on&#8221; text_overlay_color=&#8221;rgba(255,255,255,0.28)&#8221; _builder_version=&#8221;4.16&#8243; header_font=&#8221;|700|||||||&#8221; body_font=&#8221;||||||||&#8221; body_text_color=&#8221;#000000&#8243; background_image=&#8221;https:\/\/www.sailos.com\/wp-content\/uploads\/harrastukset-golf.jpg&#8221; global_colors_info=&#8221;{}&#8221; sticky_transition=&#8221;on&#8221;]<\/p>\n<p>Central Finland and P\u00e4ij\u00e4nne are full of recreational opportunities.<br \/> Fishing, rowing, golf, berry picking, you are free to choose &#8211; we got it all!<\/p>\n<p>More about activities&#8230;<\/p>\n<p>[\/et_pb_slide][et_pb_slide heading=&#8221;Rest your nerves at lake P\u00e4ij\u00e4nne&#8221; button_text=&#8221;The activities&#8221; button_link=&#8221;\/palvelut-ja-aktiviteetit&#8221; _builder_version=&#8221;4.16&#8243; header_font=&#8221;|700|||||||&#8221; body_font=&#8221;||||||||&#8221; body_text_color=&#8221;#000000&#8243; background_image=&#8221;https:\/\/www.sailos.com\/wp-content\/uploads\/harrastukset-kalastus-Johannes-Plenio.jpg&#8221; global_colors_info=&#8221;{}&#8221; sticky_transition=&#8221;on&#8221;]<\/p>\n<p><span>Our villas are located south-east of central Finland, on the east side of lake P\u00e4ij\u00e4nne in the municipality of Luhanka.<\/span><\/p>\n<p><span>Here you relax, or get active, either way you want.<\/span><\/p>\n<p>[\/et_pb_slide][\/et_pb_fullwidth_slider][\/et_pb_section]<\/p>\n","protected":false},"excerpt":{"rendered":"<p>Clean waters, clean air &#8211; this is how holidays should feel! \u00a0 Cottage rental company We have been producing quality and reliable accommodation since 1998. We take care of each of our customers. You can rest assured that our cottages will be neat upon your arrival, so that you can immediately start your relaxing holiday. [&hellip;]<\/p>\n","protected":false},"author":1,"featured_media":0,"parent":0,"menu_order":0,"comment_status":"closed","ping_status":"closed","template":"","meta":{"_et_pb_use_builder":"on","_et_pb_old_content":"<strong>Service languages: English, Svenska, Castellano, F<span class=\"hps\" title=\"Katso vaihtoehtoiset k\u00e4\u00e4nn\u00f6kset napsauttamalla\">ran\u00e7ais<\/span><\/strong>\r\n\r\nL\u00f6yd\u00e4t viimeisimm\u00e4t tarjouksemme ja ajantasaisimmat kuvat facebookista. Samalla voit tyk\u00e4t\u00e4 meist\u00e4.\r\n\r\n<a href=\"https:\/\/www.facebook.com\/sailoksenlomahuvilat\">www.facebook.com\/sailoksenlomahuvilat<\/a>\r\n\r\n<em><strong>S\u00e4il\u00f6ksen Lomahuvilat<\/strong><\/em>\u00a0on maaseutumatkailuyritys. Olemme tuottaneet laadukkaita majoituspalveluita vuodesta 1998 l\u00e4htien. Meill\u00e4 jokainen asiakas otetaan vastaan l\u00e4mm\u00f6ll\u00e4, jota et muualla koe. Periaatteisiimme kuuluu my\u00f6s, ett\u00e4 m\u00f6kkimme on asiakkaan saapuessa varmasti siisti ja rentouttavan loman vietto voi alkaa heti.\r\n\r\nHuvilat ovat hyvin varusteltuja huviloita, jotka sijoittuvat aivan P\u00e4ij\u00e4nteen rannan tuntumaan, niemenk\u00e4rkeen, koivupuuston keskelle ja m\u00e4ntypuustoisen m\u00e4en p\u00e4\u00e4lle. Paikka on vehre\u00e4 ja ranta on l\u00e4hell\u00e4si. Huvilamme sijaitsevat kaakkoisessa Keski-Suomessa, P\u00e4ij\u00e4nteen it\u00e4rannalla Luhangan kunnassa.\r\n\r\nMolemmilla Korvaniemen huviloilla on pihapiiriss\u00e4\u00e4n useita erilaisia rakennuksia kuten: aitat, puuliiterit, rantasauna(Korvaniemi 1), grillikatos,\u00a0ruokailukatos ja lasten keinut.\r\n\r\nNiemen korvanmuodon ja suurelle tontille rakennettujen toimivien pihapiirien innoittamana nimesimme niemekkeen Korvaniemen kyl\u00e4ksi. Kyl\u00e4maista tunnelmaa lis\u00e4\u00e4 \"rantabulevardi\", joka seuraa tiiviisti P\u00e4ij\u00e4nteen rantaviivaa ja yhdist\u00e4\u00e4 Korvaniemen m\u00f6kit toisiinsa.\r\n\r\nPihapiirin toiminnallisuuden ja tasaisen maaston ansiosta asiakkaistamme eritoten lapsiperheet, h\u00e4\u00e4parit ja liikuntarajoitteiset ovat tunteneet paikan omakseen.\r\n\r\n<strong>Laatulomia kauniissa J\u00e4rvi-Suomessa. Luonnon rauhaa ja aitoa maaseutua.<\/strong>","_et_gb_content_width":"","footnotes":""},"class_list":["post-981","page","type-page","status-publish","hentry"],"yoast_head":"<!-- This site is optimized with the Yoast SEO plugin v27.3 - https:\/\/yoast.com\/product\/yoast-seo-wordpress\/ -->\n<title>S\u00e4il\u00f6ksen Lomahuvilat | Cottage rental company | P\u00e4ij\u00e4nne<\/title>\n<meta name=\"description\" content=\"The cottages are well-equipped, located right on the shore of Lake P\u00e4ij\u00e4nne at the tip of the peninsula, in the middle of a birch forest.\" \/>\n<meta name=\"robots\" content=\"index, follow, max-snippet:-1, max-image-preview:large, max-video-preview:-1\" \/>\n<link rel=\"canonical\" href=\"https:\/\/www.sailos.com\/en\/\" \/>\n<meta property=\"og:locale\" content=\"en_US\" \/>\n<meta property=\"og:type\" content=\"article\" \/>\n<meta property=\"og:title\" content=\"S\u00e4il\u00f6ksen Lomahuvilat | Cottage rental company | P\u00e4ij\u00e4nne\" \/>\n<meta property=\"og:description\" content=\"The cottages are well-equipped, located right on the shore of Lake P\u00e4ij\u00e4nne at the tip of the peninsula, in the middle of a birch forest.\" \/>\n<meta property=\"og:url\" content=\"https:\/\/www.sailos.com\/en\/\" \/>\n<meta property=\"og:site_name\" content=\"S\u00e4il\u00f6ksen lomahuvilat P\u00e4ij\u00e4nne\" \/>\n<meta property=\"article:publisher\" content=\"https:\/\/www.facebook.com\/sailoksenlomahuvilat\/\" \/>\n<meta property=\"article:modified_time\" content=\"2022-09-05T17:37:30+00:00\" \/>\n<meta property=\"og:image\" content=\"https:\/\/www.sailos.com\/wp-content\/uploads\/huvila-p%C3%A4ij%C3%A4nne-nen%C3%A4niemi.jpg\" \/>\n<meta name=\"twitter:card\" content=\"summary_large_image\" \/>\n<meta name=\"twitter:label1\" content=\"Est. reading time\" \/>\n\t<meta name=\"twitter:data1\" content=\"5 minutes\" \/>\n<script type=\"application\/ld+json\" class=\"yoast-schema-graph\">{\"@context\":\"https:\\\/\\\/schema.org\",\"@graph\":[{\"@type\":\"WebPage\",\"@id\":\"https:\\\/\\\/www.sailos.com\\\/en\\\/\",\"url\":\"https:\\\/\\\/www.sailos.com\\\/en\\\/\",\"name\":\"S\u00e4il\u00f6ksen Lomahuvilat | Cottage rental company | P\u00e4ij\u00e4nne\",\"isPartOf\":{\"@id\":\"https:\\\/\\\/www.sailos.com\\\/en\\\/#website\"},\"primaryImageOfPage\":{\"@id\":\"https:\\\/\\\/www.sailos.com\\\/en\\\/#primaryimage\"},\"image\":{\"@id\":\"https:\\\/\\\/www.sailos.com\\\/en\\\/#primaryimage\"},\"thumbnailUrl\":\"https:\\\/\\\/www.sailos.com\\\/wp-content\\\/uploads\\\/huvila-p%C3%A4ij%C3%A4nne-nen%C3%A4niemi.jpg\",\"datePublished\":\"2018-12-11T15:09:11+00:00\",\"dateModified\":\"2022-09-05T17:37:30+00:00\",\"description\":\"The cottages are well-equipped, located right on the shore of Lake P\u00e4ij\u00e4nne at the tip of the peninsula, in the middle of a birch forest.\",\"breadcrumb\":{\"@id\":\"https:\\\/\\\/www.sailos.com\\\/en\\\/#breadcrumb\"},\"inLanguage\":\"en-US\",\"potentialAction\":[{\"@type\":\"ReadAction\",\"target\":[\"https:\\\/\\\/www.sailos.com\\\/en\\\/\"]}]},{\"@type\":\"ImageObject\",\"inLanguage\":\"en-US\",\"@id\":\"https:\\\/\\\/www.sailos.com\\\/en\\\/#primaryimage\",\"url\":\"https:\\\/\\\/www.sailos.com\\\/wp-content\\\/uploads\\\/huvila-p%C3%A4ij%C3%A4nne-nen%C3%A4niemi.jpg\",\"contentUrl\":\"https:\\\/\\\/www.sailos.com\\\/wp-content\\\/uploads\\\/huvila-p%C3%A4ij%C3%A4nne-nen%C3%A4niemi.jpg\"},{\"@type\":\"BreadcrumbList\",\"@id\":\"https:\\\/\\\/www.sailos.com\\\/en\\\/#breadcrumb\",\"itemListElement\":[{\"@type\":\"ListItem\",\"position\":1,\"name\":\"Home\",\"item\":\"https:\\\/\\\/www.sailos.com\\\/en\\\/\"},{\"@type\":\"ListItem\",\"position\":2,\"name\":\"Front page\"}]},{\"@type\":\"WebSite\",\"@id\":\"https:\\\/\\\/www.sailos.com\\\/en\\\/#website\",\"url\":\"https:\\\/\\\/www.sailos.com\\\/en\\\/\",\"name\":\"S\u00e4il\u00f6ksen lomahuvilat P\u00e4ij\u00e4nne\",\"description\":\"P\u00e4ij\u00e4nteen helmi\",\"publisher\":{\"@id\":\"https:\\\/\\\/www.sailos.com\\\/en\\\/#organization\"},\"potentialAction\":[{\"@type\":\"SearchAction\",\"target\":{\"@type\":\"EntryPoint\",\"urlTemplate\":\"https:\\\/\\\/www.sailos.com\\\/en\\\/?s={search_term_string}\"},\"query-input\":{\"@type\":\"PropertyValueSpecification\",\"valueRequired\":true,\"valueName\":\"search_term_string\"}}],\"inLanguage\":\"en-US\"},{\"@type\":\"Organization\",\"@id\":\"https:\\\/\\\/www.sailos.com\\\/en\\\/#organization\",\"name\":\"S\u00e4il\u00f6ksen Lomahuvilat\",\"url\":\"https:\\\/\\\/www.sailos.com\\\/en\\\/\",\"logo\":{\"@type\":\"ImageObject\",\"inLanguage\":\"en-US\",\"@id\":\"https:\\\/\\\/www.sailos.com\\\/en\\\/#\\\/schema\\\/logo\\\/image\\\/\",\"url\":\"https:\\\/\\\/www.sailos.com\\\/wp-content\\\/uploads\\\/logo-sailos-lehtivihr.jpg\",\"contentUrl\":\"https:\\\/\\\/www.sailos.com\\\/wp-content\\\/uploads\\\/logo-sailos-lehtivihr.jpg\",\"width\":363,\"height\":159,\"caption\":\"S\u00e4il\u00f6ksen Lomahuvilat\"},\"image\":{\"@id\":\"https:\\\/\\\/www.sailos.com\\\/en\\\/#\\\/schema\\\/logo\\\/image\\\/\"},\"sameAs\":[\"https:\\\/\\\/www.facebook.com\\\/sailoksenlomahuvilat\\\/\"]}]}<\/script>\n<!-- \/ Yoast SEO plugin. -->","yoast_head_json":{"title":"S\u00e4il\u00f6ksen Lomahuvilat | Cottage rental company | P\u00e4ij\u00e4nne","description":"The cottages are well-equipped, located right on the shore of Lake P\u00e4ij\u00e4nne at the tip of the peninsula, in the middle of a birch forest.","robots":{"index":"index","follow":"follow","max-snippet":"max-snippet:-1","max-image-preview":"max-image-preview:large","max-video-preview":"max-video-preview:-1"},"canonical":"https:\/\/www.sailos.com\/en\/","og_locale":"en_US","og_type":"article","og_title":"S\u00e4il\u00f6ksen Lomahuvilat | Cottage rental company | P\u00e4ij\u00e4nne","og_description":"The cottages are well-equipped, located right on the shore of Lake P\u00e4ij\u00e4nne at the tip of the peninsula, in the middle of a birch forest.","og_url":"https:\/\/www.sailos.com\/en\/","og_site_name":"S\u00e4il\u00f6ksen lomahuvilat P\u00e4ij\u00e4nne","article_publisher":"https:\/\/www.facebook.com\/sailoksenlomahuvilat\/","article_modified_time":"2022-09-05T17:37:30+00:00","og_image":[{"url":"https:\/\/www.sailos.com\/wp-content\/uploads\/huvila-p%C3%A4ij%C3%A4nne-nen%C3%A4niemi.jpg","type":"","width":"","height":""}],"twitter_card":"summary_large_image","twitter_misc":{"Est. reading time":"5 minutes"},"schema":{"@context":"https:\/\/schema.org","@graph":[{"@type":"WebPage","@id":"https:\/\/www.sailos.com\/en\/","url":"https:\/\/www.sailos.com\/en\/","name":"S\u00e4il\u00f6ksen Lomahuvilat | Cottage rental company | P\u00e4ij\u00e4nne","isPartOf":{"@id":"https:\/\/www.sailos.com\/en\/#website"},"primaryImageOfPage":{"@id":"https:\/\/www.sailos.com\/en\/#primaryimage"},"image":{"@id":"https:\/\/www.sailos.com\/en\/#primaryimage"},"thumbnailUrl":"https:\/\/www.sailos.com\/wp-content\/uploads\/huvila-p%C3%A4ij%C3%A4nne-nen%C3%A4niemi.jpg","datePublished":"2018-12-11T15:09:11+00:00","dateModified":"2022-09-05T17:37:30+00:00","description":"The cottages are well-equipped, located right on the shore of Lake P\u00e4ij\u00e4nne at the tip of the peninsula, in the middle of a birch forest.","breadcrumb":{"@id":"https:\/\/www.sailos.com\/en\/#breadcrumb"},"inLanguage":"en-US","potentialAction":[{"@type":"ReadAction","target":["https:\/\/www.sailos.com\/en\/"]}]},{"@type":"ImageObject","inLanguage":"en-US","@id":"https:\/\/www.sailos.com\/en\/#primaryimage","url":"https:\/\/www.sailos.com\/wp-content\/uploads\/huvila-p%C3%A4ij%C3%A4nne-nen%C3%A4niemi.jpg","contentUrl":"https:\/\/www.sailos.com\/wp-content\/uploads\/huvila-p%C3%A4ij%C3%A4nne-nen%C3%A4niemi.jpg"},{"@type":"BreadcrumbList","@id":"https:\/\/www.sailos.com\/en\/#breadcrumb","itemListElement":[{"@type":"ListItem","position":1,"name":"Home","item":"https:\/\/www.sailos.com\/en\/"},{"@type":"ListItem","position":2,"name":"Front page"}]},{"@type":"WebSite","@id":"https:\/\/www.sailos.com\/en\/#website","url":"https:\/\/www.sailos.com\/en\/","name":"S\u00e4il\u00f6ksen lomahuvilat P\u00e4ij\u00e4nne","description":"P\u00e4ij\u00e4nteen helmi","publisher":{"@id":"https:\/\/www.sailos.com\/en\/#organization"},"potentialAction":[{"@type":"SearchAction","target":{"@type":"EntryPoint","urlTemplate":"https:\/\/www.sailos.com\/en\/?s={search_term_string}"},"query-input":{"@type":"PropertyValueSpecification","valueRequired":true,"valueName":"search_term_string"}}],"inLanguage":"en-US"},{"@type":"Organization","@id":"https:\/\/www.sailos.com\/en\/#organization","name":"S\u00e4il\u00f6ksen Lomahuvilat","url":"https:\/\/www.sailos.com\/en\/","logo":{"@type":"ImageObject","inLanguage":"en-US","@id":"https:\/\/www.sailos.com\/en\/#\/schema\/logo\/image\/","url":"https:\/\/www.sailos.com\/wp-content\/uploads\/logo-sailos-lehtivihr.jpg","contentUrl":"https:\/\/www.sailos.com\/wp-content\/uploads\/logo-sailos-lehtivihr.jpg","width":363,"height":159,"caption":"S\u00e4il\u00f6ksen Lomahuvilat"},"image":{"@id":"https:\/\/www.sailos.com\/en\/#\/schema\/logo\/image\/"},"sameAs":["https:\/\/www.facebook.com\/sailoksenlomahuvilat\/"]}]}},"_links":{"self":[{"href":"https:\/\/www.sailos.com\/en\/wp-json\/wp\/v2\/pages\/981","targetHints":{"allow":["GET"]}}],"collection":[{"href":"https:\/\/www.sailos.com\/en\/wp-json\/wp\/v2\/pages"}],"about":[{"href":"https:\/\/www.sailos.com\/en\/wp-json\/wp\/v2\/types\/page"}],"author":[{"embeddable":true,"href":"https:\/\/www.sailos.com\/en\/wp-json\/wp\/v2\/users\/1"}],"replies":[{"embeddable":true,"href":"https:\/\/www.sailos.com\/en\/wp-json\/wp\/v2\/comments?post=981"}],"version-history":[{"count":5,"href":"https:\/\/www.sailos.com\/en\/wp-json\/wp\/v2\/pages\/981\/revisions"}],"predecessor-version":[{"id":1389559,"href":"https:\/\/www.sailos.com\/en\/wp-json\/wp\/v2\/pages\/981\/revisions\/1389559"}],"wp:attachment":[{"href":"https:\/\/www.sailos.com\/en\/wp-json\/wp\/v2\/media?parent=981"}],"curies":[{"name":"wp","href":"https:\/\/api.w.org\/{rel}","templated":true}]}}