{"id":1292,"date":"2018-12-14T16:29:37","date_gmt":"2018-12-14T14:29:37","guid":{"rendered":"https:\/\/www.sailos.com\/accommodations\/"},"modified":"2018-12-14T16:29:38","modified_gmt":"2018-12-14T14:29:38","slug":"accommodations","status":"publish","type":"page","link":"https:\/\/www.sailos.com\/en\/accommodations\/","title":{"rendered":"Accommodations"},"content":{"rendered":"<p>[et_pb_section fb_built=&#8221;1&#8243; _builder_version=&#8221;3.0.47&#8243;][et_pb_row _builder_version=&#8221;3.0.48&#8243; background_size=&#8221;initial&#8221; background_position=&#8221;top_left&#8221; background_repeat=&#8221;repeat&#8221;][et_pb_column type=&#8221;4_4&#8243; _builder_version=&#8221;3.0.47&#8243; parallax=&#8221;off&#8221; parallax_method=&#8221;on&#8221;][et_pb_text _builder_version=&#8221;3.0.74&#8243; background_size=&#8221;initial&#8221; background_position=&#8221;top_left&#8221; background_repeat=&#8221;repeat&#8221;]<div class=\"mphb_sc_rooms-wrapper mphb-room-types \">\n<div class=\"mphb-room-type post-1024 mphb_room_type type-mphb_room_type status-publish has-post-thumbnail mphb-room-type-adults-5 mphb-room-type-children-0 \">\n\n\t\n\t\n\n\t<p class=\"post-thumbnail mphb-loop-room-thumbnail\">\n\t<a href=\"https:\/\/www.sailos.com\/en\/accommodation\/nenaniemi\/\">\n\t<img loading=\"lazy\" decoding=\"async\" width=\"980\" height=\"400\" src=\"https:\/\/www.sailos.com\/wp-content\/uploads\/teemakuva-huvila-p\u00e4ij\u00e4nne-nen\u00e4niemi.jpg\" class=\"attachment-post-thumbnail size-post-thumbnail wp-post-image\" alt=\"rent-a-villa-paijanne-nenaniemi\" srcset=\"https:\/\/www.sailos.com\/wp-content\/uploads\/teemakuva-huvila-p\u00e4ij\u00e4nne-nen\u00e4niemi.jpg 980w, https:\/\/www.sailos.com\/wp-content\/uploads\/teemakuva-huvila-p\u00e4ij\u00e4nne-nen\u00e4niemi-300x122.jpg 300w, https:\/\/www.sailos.com\/wp-content\/uploads\/teemakuva-huvila-p\u00e4ij\u00e4nne-nen\u00e4niemi-768x313.jpg 768w\" sizes=\"(max-width: 980px) 100vw, 980px\" \/>\t<\/a>\n\n\t<\/p>\n\n<h2 class=\"mphb-room-type-title entry-title\">\n\n<a class=\"mphb-room-type-title\" href=\"https:\/\/www.sailos.com\/en\/accommodation\/nenaniemi\/\">Nen\u00e4niemi<\/a>\n\n<\/h2>\n\n<p>Rent a Finnish summer cabin Nen\u00e4niemi is located in Luhanka, Korvaniemi village in the gulf by the refreshing waters (20m to the beach). The beautiful lake P\u00e4ij\u00e4nne catches you and attracts you for a picnic, fishing or rowing. The log built villa is surrounded by warm atmosphere and will take care of its vacationers. The [&hellip;]<\/p>\n\n\n<h3 class=\"mphb-room-type-details-title\">Details<\/h3><ul class=\"mphb-loop-room-type-attributes\">\n\n\n\t<li class=\"mphb-room-type-adults-capacity\"><span class=\"mphb-attribute-title mphb-adults-title\">Guests:<\/span><span class=\"mphb-attribute-value\">\n\t3\n\t<\/span><\/li>\n\t\n\n\n\n\n\n\t<li class=\"mphb-room-type-size\"><span class=\"mphb-attribute-title mphb-size-title\">Size:<\/span><span class=\"mphb-attribute-value\">\n\t26m\u00b2\n\t<\/span><\/li>\n\t\n\n\t<li class=\"mphb-room-type-bed-type\"><span  class=\"mphb-attribute-title mphb-bed-type-title\">Bed Type:<\/span><span class=\"mphb-attribute-value\">\n\t3 beds\n\t<\/span><\/li>\n\t\n\n<\/ul>\n\n\t<p class=\"mphb-regular-price\"><strong>Prices start at:<\/strong>\n\t<span class=\"mphb-price\">110<span class=\"mphb-currency\">&euro;<\/span><\/span> <span class=\"mphb-price-period\" title=\"Choose dates to see relevant prices\">per night<\/span>\n\t<\/p>\n\t\n<p class=\"mphb-view-details-button-wrapper\">\n<a class=\"button mphb-view-details-button\" href=\"https:\/\/www.sailos.com\/en\/accommodation\/lehmiranta\/\" >View Details<\/a>\n<\/p>\n<div class=\"mphb-to-book-btn-wrapper\">\n<form action=\"https:\/\/www.sailos.com\/en\/accommodation\/lehmiranta\/#booking-form-1171\" method=\"get\" ><button type=\"submit\" class=\"button mphb-book-button\" >Book<\/button><\/form>\n<br\/><\/div>\n\t\n<\/div>\n\n<div class=\"mphb-room-type post-1027 mphb_room_type type-mphb_room_type status-publish has-post-thumbnail mphb-room-type-adults-4 mphb-room-type-children-0 \">\n\n\t\n\t\n\n\t<p class=\"post-thumbnail mphb-loop-room-thumbnail\">\n\t<a href=\"https:\/\/www.sailos.com\/en\/accommodation\/korvaniemi-1\/\">\n\t<img loading=\"lazy\" decoding=\"async\" width=\"980\" height=\"400\" src=\"https:\/\/www.sailos.com\/wp-content\/uploads\/teemakuva-huvila-paijanne-korvaniemi1-2022.jpg\" class=\"attachment-post-thumbnail size-post-thumbnail wp-post-image\" alt=\"rent a villa korvaniemi 1\" srcset=\"https:\/\/www.sailos.com\/wp-content\/uploads\/teemakuva-huvila-paijanne-korvaniemi1-2022.jpg 980w, https:\/\/www.sailos.com\/wp-content\/uploads\/teemakuva-huvila-paijanne-korvaniemi1-2022-480x196.jpg 480w\" sizes=\"(min-width: 0px) and (max-width: 480px) 480px, (min-width: 481px) 980px, 100vw\" \/>\t<\/a>\n\n\t<\/p>\n\n<h2 class=\"mphb-room-type-title entry-title\">\n\n<a class=\"mphb-room-type-title\" href=\"https:\/\/www.sailos.com\/en\/accommodation\/korvaniemi-1\/\">Korvaniemi 1<\/a>\n\n<\/h2>\n\n<p>Rental cottage on the shore of Lake P\u00e4ij\u00e4nne Korvaniemi 1 is located in the village of Luhanka Korvaniemi, at the tip of the peninsula, on the refreshing waters (20m to the beach). The beautiful lake P\u00e4ij\u00e4nne catches you and attracts you for a picnic, fishing or rowing. The log built villa is surrounded by warm [&hellip;]<\/p>\n\n\n<h3 class=\"mphb-room-type-details-title\">Details<\/h3><ul class=\"mphb-loop-room-type-attributes\">\n\n\n\t<li class=\"mphb-room-type-adults-capacity\"><span class=\"mphb-attribute-title mphb-adults-title\">Guests:<\/span><span class=\"mphb-attribute-value\">\n\t4\n\t<\/span><\/li>\n\t\n\n\n\n\n\n\t<li class=\"mphb-room-type-size\"><span class=\"mphb-attribute-title mphb-size-title\">Size:<\/span><span class=\"mphb-attribute-value\">\n\t64m\u00b2\n\t<\/span><\/li>\n\t\n\n\t<li class=\"mphb-room-type-bed-type\"><span  class=\"mphb-attribute-title mphb-bed-type-title\">Bed Type:<\/span><span class=\"mphb-attribute-value\">\n\t2 bedrooms\n\t<\/span><\/li>\n\t\n\n<\/ul>\n\n\t<p class=\"mphb-regular-price\"><strong>Prices start at:<\/strong>\n\t<span class=\"mphb-price\">145<span class=\"mphb-currency\">&euro;<\/span><\/span> <span class=\"mphb-price-period\" title=\"Choose dates to see relevant prices\">per night<\/span>\n\t<\/p>\n\t\n<p class=\"mphb-view-details-button-wrapper\">\n<a class=\"button mphb-view-details-button\" href=\"https:\/\/www.sailos.com\/en\/accommodation\/korvaniemi-1\/\" >View Details<\/a>\n<\/p>\n<div class=\"mphb-to-book-btn-wrapper\">\n<form action=\"https:\/\/www.sailos.com\/en\/accommodation\/korvaniemi-1\/#booking-form-1027\" method=\"get\" ><button type=\"submit\" class=\"button mphb-book-button\" >Book<\/button><\/form>\n<br\/><\/div>\n\t\n<\/div>\n\n<div class=\"mphb-room-type post-1098 mphb_room_type type-mphb_room_type status-publish has-post-thumbnail mphb-room-type-adults-4 mphb-room-type-children-0 \">\n\n\t\n\t\n\n\t<p class=\"post-thumbnail mphb-loop-room-thumbnail\">\n\t<a href=\"https:\/\/www.sailos.com\/en\/accommodation\/korvaniemi-2\/\">\n\t<img loading=\"lazy\" decoding=\"async\" width=\"980\" height=\"400\" src=\"https:\/\/www.sailos.com\/wp-content\/uploads\/teemakuva-huvila-p\u00e4ij\u00e4nne-korvaniemi2.jpg\" class=\"attachment-post-thumbnail size-post-thumbnail wp-post-image\" alt=\"villa-p\u00e4ij\u00e4nne korvaniemi2\" srcset=\"https:\/\/www.sailos.com\/wp-content\/uploads\/teemakuva-huvila-p\u00e4ij\u00e4nne-korvaniemi2.jpg 980w, https:\/\/www.sailos.com\/wp-content\/uploads\/teemakuva-huvila-p\u00e4ij\u00e4nne-korvaniemi2-300x122.jpg 300w, https:\/\/www.sailos.com\/wp-content\/uploads\/teemakuva-huvila-p\u00e4ij\u00e4nne-korvaniemi2-768x313.jpg 768w\" sizes=\"(max-width: 980px) 100vw, 980px\" \/>\t<\/a>\n\n\t<\/p>\n\n<h2 class=\"mphb-room-type-title entry-title\">\n\n<a class=\"mphb-room-type-title\" href=\"https:\/\/www.sailos.com\/en\/accommodation\/korvaniemi-2\/\">Korvaniemi 2<\/a>\n\n<\/h2>\n\n<p>Summer Cottage for rent &#8211; P\u00e4ij\u00e4nne Finland Korvaniemi 2 is located in the village of Luhanka Korvaniemi, at the tip of the peninsula, on the refreshing waters (20m to the beach). The beautiful lake P\u00e4ij\u00e4nne catches you and attracts you for a picnic, fishing or rowing. The log built villa is surrounded by warm atmosphere [&hellip;]<\/p>\n\n\n<h3 class=\"mphb-room-type-details-title\">Details<\/h3><ul class=\"mphb-loop-room-type-attributes\">\n\n\n\t<li class=\"mphb-room-type-adults-capacity\"><span class=\"mphb-attribute-title mphb-adults-title\">Guests:<\/span><span class=\"mphb-attribute-value\">\n\t4\n\t<\/span><\/li>\n\t\n\n\n\n\n\n\t<li class=\"mphb-room-type-size\"><span class=\"mphb-attribute-title mphb-size-title\">Size:<\/span><span class=\"mphb-attribute-value\">\n\t64m\u00b2\n\t<\/span><\/li>\n\t\n\n\t<li class=\"mphb-room-type-bed-type\"><span  class=\"mphb-attribute-title mphb-bed-type-title\">Bed Type:<\/span><span class=\"mphb-attribute-value\">\n\t2 bedrooms\n\t<\/span><\/li>\n\t\n\n<\/ul>\n\n\t<p class=\"mphb-regular-price\"><strong>Prices start at:<\/strong>\n\t<span class=\"mphb-price\">145<span class=\"mphb-currency\">&euro;<\/span><\/span> <span class=\"mphb-price-period\" title=\"Choose dates to see relevant prices\">per night<\/span>\n\t<\/p>\n\t\n<p class=\"mphb-view-details-button-wrapper\">\n<a class=\"button mphb-view-details-button\" href=\"https:\/\/www.sailos.com\/en\/accommodation\/korvaniemi-2\/\" >View Details<\/a>\n<\/p>\n<div class=\"mphb-to-book-btn-wrapper\">\n<form action=\"https:\/\/www.sailos.com\/en\/accommodation\/korvaniemi-2\/#booking-form-1098\" method=\"get\" ><button type=\"submit\" class=\"button mphb-book-button\" >Book<\/button><\/form>\n<br\/><\/div>\n\t\n<\/div>\n\n<div class=\"mphb-room-type post-1171 mphb_room_type type-mphb_room_type status-publish has-post-thumbnail mphb-room-type-adults-3 mphb-room-type-children-0 \">\n\n\t\n\t\n\n\t<p class=\"post-thumbnail mphb-loop-room-thumbnail\">\n\t<a href=\"https:\/\/www.sailos.com\/en\/accommodation\/lehmiranta\/\">\n\t<img loading=\"lazy\" decoding=\"async\" width=\"980\" height=\"400\" src=\"https:\/\/www.sailos.com\/wp-content\/uploads\/teemakuva-kes\u00e4huvila-p\u00e4ij\u00e4nne-lehmiranta.jpg\" class=\"attachment-post-thumbnail size-post-thumbnail wp-post-image\" alt=\"sommer cottage p\u00e4ij\u00e4nne lehmiranta\" srcset=\"https:\/\/www.sailos.com\/wp-content\/uploads\/teemakuva-kes\u00e4huvila-p\u00e4ij\u00e4nne-lehmiranta.jpg 980w, https:\/\/www.sailos.com\/wp-content\/uploads\/teemakuva-kes\u00e4huvila-p\u00e4ij\u00e4nne-lehmiranta-300x122.jpg 300w, https:\/\/www.sailos.com\/wp-content\/uploads\/teemakuva-kes\u00e4huvila-p\u00e4ij\u00e4nne-lehmiranta-768x313.jpg 768w\" sizes=\"(max-width: 980px) 100vw, 980px\" \/>\t<\/a>\n\n\t<\/p>\n\n<h2 class=\"mphb-room-type-title entry-title\">\n\n<a class=\"mphb-room-type-title\" href=\"https:\/\/www.sailos.com\/en\/accommodation\/lehmiranta\/\">Lehmiranta<\/a>\n\n<\/h2>\n\n<p>Rent a Finnish mokki Lehmiranta is located on the west side of the shore next to a beautiful bay just off the beach. The beach&#8217;s versatile nature and peace are near you. The cottage was build in 2012 Cottage size: total size 78 m\u00b2 (the hut and sauna electrified, total 26m\u00b2, loft 21m\u00b2, covered terrace [&hellip;]<\/p>\n\n\n<h3 class=\"mphb-room-type-details-title\">Details<\/h3><ul class=\"mphb-loop-room-type-attributes\">\n\n\n\t<li class=\"mphb-room-type-adults-capacity\"><span class=\"mphb-attribute-title mphb-adults-title\">Guests:<\/span><span class=\"mphb-attribute-value\">\n\t3\n\t<\/span><\/li>\n\t\n\n\n\n\n\n\t<li class=\"mphb-room-type-size\"><span class=\"mphb-attribute-title mphb-size-title\">Size:<\/span><span class=\"mphb-attribute-value\">\n\t26m\u00b2\n\t<\/span><\/li>\n\t\n\n\t<li class=\"mphb-room-type-bed-type\"><span  class=\"mphb-attribute-title mphb-bed-type-title\">Bed Type:<\/span><span class=\"mphb-attribute-value\">\n\t3 beds\n\t<\/span><\/li>\n\t\n\n<\/ul>\n\n\t<p class=\"mphb-regular-price\"><strong>Prices start at:<\/strong>\n\t<span class=\"mphb-price\">110<span class=\"mphb-currency\">&euro;<\/span><\/span> <span class=\"mphb-price-period\" title=\"Choose dates to see relevant prices\">per night<\/span>\n\t<\/p>\n\t\n<p class=\"mphb-view-details-button-wrapper\">\n<a class=\"button mphb-view-details-button\" href=\"https:\/\/www.sailos.com\/en\/accommodation\/lehmiranta\/\" >View Details<\/a>\n<\/p>\n<div class=\"mphb-to-book-btn-wrapper\">\n<form action=\"https:\/\/www.sailos.com\/en\/accommodation\/lehmiranta\/#booking-form-1171\" method=\"get\" ><button type=\"submit\" class=\"button mphb-book-button\" >Book<\/button><\/form>\n<br\/><\/div>\n\t\n<\/div>\n<\/div><br \/>\n[\/et_pb_text][\/et_pb_column][\/et_pb_row][\/et_pb_section]<\/p>\n","protected":false},"excerpt":{"rendered":"<p>Rent a Finnish mokki Lehmiranta is located on the west side of the shore next to a beautiful bay just off the beach. The beach&#8217;s versatile nature and peace are near you. The cottage was build in 2012 Cottage size: total size 78 m\u00b2 (the hut and sauna electrified, total 26m\u00b2, loft 21m\u00b2, covered terrace [&hellip;]<\/p>\n","protected":false},"author":1,"featured_media":0,"parent":0,"menu_order":0,"comment_status":"closed","ping_status":"closed","template":"","meta":{"_et_pb_use_builder":"on","_et_pb_old_content":"<p>[mphb_rooms]<\/p>","_et_gb_content_width":"","footnotes":""},"class_list":["post-1292","page","type-page","status-publish","hentry"],"yoast_head":"<!-- This site is optimized with the Yoast SEO plugin v27.3 - https:\/\/yoast.com\/product\/yoast-seo-wordpress\/ -->\n<title>Accommodations - S\u00e4il\u00f6ksen lomahuvilat P\u00e4ij\u00e4nne<\/title>\n<meta name=\"robots\" content=\"index, follow, max-snippet:-1, max-image-preview:large, max-video-preview:-1\" \/>\n<link rel=\"canonical\" href=\"https:\/\/www.sailos.com\/en\/accommodations\/\" \/>\n<meta property=\"og:locale\" content=\"en_US\" \/>\n<meta property=\"og:type\" content=\"article\" \/>\n<meta property=\"og:title\" content=\"Accommodations - S\u00e4il\u00f6ksen lomahuvilat P\u00e4ij\u00e4nne\" \/>\n<meta property=\"og:description\" content=\"Rent a Finnish mokki Lehmiranta is located on the west side of the shore next to a beautiful bay just off the beach. The beach&#039;s versatile nature and peace are near you. The cottage was build in 2012 Cottage size: total size 78 m\u00b2 (the hut and sauna electrified, total 26m\u00b2, loft 21m\u00b2, covered terrace [&hellip;]\" \/>\n<meta property=\"og:url\" content=\"https:\/\/www.sailos.com\/en\/accommodations\/\" \/>\n<meta property=\"og:site_name\" content=\"S\u00e4il\u00f6ksen lomahuvilat P\u00e4ij\u00e4nne\" \/>\n<meta property=\"article:publisher\" content=\"https:\/\/www.facebook.com\/sailoksenlomahuvilat\/\" \/>\n<meta property=\"article:modified_time\" content=\"2018-12-14T14:29:38+00:00\" \/>\n<meta name=\"twitter:card\" content=\"summary_large_image\" \/>\n<script type=\"application\/ld+json\" class=\"yoast-schema-graph\">{\"@context\":\"https:\\\/\\\/schema.org\",\"@graph\":[{\"@type\":\"WebPage\",\"@id\":\"https:\\\/\\\/www.sailos.com\\\/en\\\/accommodations\\\/\",\"url\":\"https:\\\/\\\/www.sailos.com\\\/en\\\/accommodations\\\/\",\"name\":\"Accommodations - S\u00e4il\u00f6ksen lomahuvilat P\u00e4ij\u00e4nne\",\"isPartOf\":{\"@id\":\"https:\\\/\\\/www.sailos.com\\\/en\\\/#website\"},\"datePublished\":\"2018-12-14T14:29:37+00:00\",\"dateModified\":\"2018-12-14T14:29:38+00:00\",\"breadcrumb\":{\"@id\":\"https:\\\/\\\/www.sailos.com\\\/en\\\/accommodations\\\/#breadcrumb\"},\"inLanguage\":\"en-US\",\"potentialAction\":[{\"@type\":\"ReadAction\",\"target\":[\"https:\\\/\\\/www.sailos.com\\\/en\\\/accommodations\\\/\"]}]},{\"@type\":\"BreadcrumbList\",\"@id\":\"https:\\\/\\\/www.sailos.com\\\/en\\\/accommodations\\\/#breadcrumb\",\"itemListElement\":[{\"@type\":\"ListItem\",\"position\":1,\"name\":\"Home\",\"item\":\"https:\\\/\\\/www.sailos.com\\\/en\\\/\"},{\"@type\":\"ListItem\",\"position\":2,\"name\":\"Accommodations\"}]},{\"@type\":\"WebSite\",\"@id\":\"https:\\\/\\\/www.sailos.com\\\/en\\\/#website\",\"url\":\"https:\\\/\\\/www.sailos.com\\\/en\\\/\",\"name\":\"S\u00e4il\u00f6ksen lomahuvilat P\u00e4ij\u00e4nne\",\"description\":\"P\u00e4ij\u00e4nteen helmi\",\"publisher\":{\"@id\":\"https:\\\/\\\/www.sailos.com\\\/en\\\/#organization\"},\"potentialAction\":[{\"@type\":\"SearchAction\",\"target\":{\"@type\":\"EntryPoint\",\"urlTemplate\":\"https:\\\/\\\/www.sailos.com\\\/en\\\/?s={search_term_string}\"},\"query-input\":{\"@type\":\"PropertyValueSpecification\",\"valueRequired\":true,\"valueName\":\"search_term_string\"}}],\"inLanguage\":\"en-US\"},{\"@type\":\"Organization\",\"@id\":\"https:\\\/\\\/www.sailos.com\\\/en\\\/#organization\",\"name\":\"S\u00e4il\u00f6ksen Lomahuvilat\",\"url\":\"https:\\\/\\\/www.sailos.com\\\/en\\\/\",\"logo\":{\"@type\":\"ImageObject\",\"inLanguage\":\"en-US\",\"@id\":\"https:\\\/\\\/www.sailos.com\\\/en\\\/#\\\/schema\\\/logo\\\/image\\\/\",\"url\":\"https:\\\/\\\/www.sailos.com\\\/wp-content\\\/uploads\\\/logo-sailos-lehtivihr.jpg\",\"contentUrl\":\"https:\\\/\\\/www.sailos.com\\\/wp-content\\\/uploads\\\/logo-sailos-lehtivihr.jpg\",\"width\":363,\"height\":159,\"caption\":\"S\u00e4il\u00f6ksen Lomahuvilat\"},\"image\":{\"@id\":\"https:\\\/\\\/www.sailos.com\\\/en\\\/#\\\/schema\\\/logo\\\/image\\\/\"},\"sameAs\":[\"https:\\\/\\\/www.facebook.com\\\/sailoksenlomahuvilat\\\/\"]}]}<\/script>\n<!-- \/ Yoast SEO plugin. -->","yoast_head_json":{"title":"Accommodations - S\u00e4il\u00f6ksen lomahuvilat P\u00e4ij\u00e4nne","robots":{"index":"index","follow":"follow","max-snippet":"max-snippet:-1","max-image-preview":"max-image-preview:large","max-video-preview":"max-video-preview:-1"},"canonical":"https:\/\/www.sailos.com\/en\/accommodations\/","og_locale":"en_US","og_type":"article","og_title":"Accommodations - S\u00e4il\u00f6ksen lomahuvilat P\u00e4ij\u00e4nne","og_description":"Rent a Finnish mokki Lehmiranta is located on the west side of the shore next to a beautiful bay just off the beach. The beach's versatile nature and peace are near you. The cottage was build in 2012 Cottage size: total size 78 m\u00b2 (the hut and sauna electrified, total 26m\u00b2, loft 21m\u00b2, covered terrace [&hellip;]","og_url":"https:\/\/www.sailos.com\/en\/accommodations\/","og_site_name":"S\u00e4il\u00f6ksen lomahuvilat P\u00e4ij\u00e4nne","article_publisher":"https:\/\/www.facebook.com\/sailoksenlomahuvilat\/","article_modified_time":"2018-12-14T14:29:38+00:00","twitter_card":"summary_large_image","schema":{"@context":"https:\/\/schema.org","@graph":[{"@type":"WebPage","@id":"https:\/\/www.sailos.com\/en\/accommodations\/","url":"https:\/\/www.sailos.com\/en\/accommodations\/","name":"Accommodations - S\u00e4il\u00f6ksen lomahuvilat P\u00e4ij\u00e4nne","isPartOf":{"@id":"https:\/\/www.sailos.com\/en\/#website"},"datePublished":"2018-12-14T14:29:37+00:00","dateModified":"2018-12-14T14:29:38+00:00","breadcrumb":{"@id":"https:\/\/www.sailos.com\/en\/accommodations\/#breadcrumb"},"inLanguage":"en-US","potentialAction":[{"@type":"ReadAction","target":["https:\/\/www.sailos.com\/en\/accommodations\/"]}]},{"@type":"BreadcrumbList","@id":"https:\/\/www.sailos.com\/en\/accommodations\/#breadcrumb","itemListElement":[{"@type":"ListItem","position":1,"name":"Home","item":"https:\/\/www.sailos.com\/en\/"},{"@type":"ListItem","position":2,"name":"Accommodations"}]},{"@type":"WebSite","@id":"https:\/\/www.sailos.com\/en\/#website","url":"https:\/\/www.sailos.com\/en\/","name":"S\u00e4il\u00f6ksen lomahuvilat P\u00e4ij\u00e4nne","description":"P\u00e4ij\u00e4nteen helmi","publisher":{"@id":"https:\/\/www.sailos.com\/en\/#organization"},"potentialAction":[{"@type":"SearchAction","target":{"@type":"EntryPoint","urlTemplate":"https:\/\/www.sailos.com\/en\/?s={search_term_string}"},"query-input":{"@type":"PropertyValueSpecification","valueRequired":true,"valueName":"search_term_string"}}],"inLanguage":"en-US"},{"@type":"Organization","@id":"https:\/\/www.sailos.com\/en\/#organization","name":"S\u00e4il\u00f6ksen Lomahuvilat","url":"https:\/\/www.sailos.com\/en\/","logo":{"@type":"ImageObject","inLanguage":"en-US","@id":"https:\/\/www.sailos.com\/en\/#\/schema\/logo\/image\/","url":"https:\/\/www.sailos.com\/wp-content\/uploads\/logo-sailos-lehtivihr.jpg","contentUrl":"https:\/\/www.sailos.com\/wp-content\/uploads\/logo-sailos-lehtivihr.jpg","width":363,"height":159,"caption":"S\u00e4il\u00f6ksen Lomahuvilat"},"image":{"@id":"https:\/\/www.sailos.com\/en\/#\/schema\/logo\/image\/"},"sameAs":["https:\/\/www.facebook.com\/sailoksenlomahuvilat\/"]}]}},"_links":{"self":[{"href":"https:\/\/www.sailos.com\/en\/wp-json\/wp\/v2\/pages\/1292","targetHints":{"allow":["GET"]}}],"collection":[{"href":"https:\/\/www.sailos.com\/en\/wp-json\/wp\/v2\/pages"}],"about":[{"href":"https:\/\/www.sailos.com\/en\/wp-json\/wp\/v2\/types\/page"}],"author":[{"embeddable":true,"href":"https:\/\/www.sailos.com\/en\/wp-json\/wp\/v2\/users\/1"}],"replies":[{"embeddable":true,"href":"https:\/\/www.sailos.com\/en\/wp-json\/wp\/v2\/comments?post=1292"}],"version-history":[{"count":1,"href":"https:\/\/www.sailos.com\/en\/wp-json\/wp\/v2\/pages\/1292\/revisions"}],"predecessor-version":[{"id":1293,"href":"https:\/\/www.sailos.com\/en\/wp-json\/wp\/v2\/pages\/1292\/revisions\/1293"}],"wp:attachment":[{"href":"https:\/\/www.sailos.com\/en\/wp-json\/wp\/v2\/media?parent=1292"}],"curies":[{"name":"wp","href":"https:\/\/api.w.org\/{rel}","templated":true}]}}